{"id":724,"date":"2022-08-29T15:20:18","date_gmt":"2022-08-29T13:20:18","guid":{"rendered":"http:\/\/mok2.muzo.one\/?page_id=724"},"modified":"2022-08-29T15:54:50","modified_gmt":"2022-08-29T13:54:50","slug":"lukasz","status":"publish","type":"page","link":"https:\/\/mok2.muzo.one\/index.php\/lukasz\/","title":{"rendered":"\u0141ukasz"},"content":{"rendered":"\t\t<div data-elementor-type=\"wp-page\" data-elementor-id=\"724\" class=\"elementor elementor-724\">\n\t\t\t\t\t\t\t\t\t<section class=\"elementor-section elementor-top-section elementor-element elementor-element-729d319 elementor-section-boxed elementor-section-height-default elementor-section-height-default\" data-id=\"729d319\" data-element_type=\"section\">\n\t\t\t\t\t\t<div class=\"elementor-container elementor-column-gap-default\">\n\t\t\t\t\t<div class=\"elementor-column elementor-col-50 elementor-top-column elementor-element elementor-element-05b3901\" data-id=\"05b3901\" data-element_type=\"column\">\n\t\t\t<div class=\"elementor-widget-wrap elementor-element-populated\">\n\t\t\t\t\t\t\t\t<div class=\"elementor-element elementor-element-5bb28f7 elementor-widget elementor-widget-image\" data-id=\"5bb28f7\" data-element_type=\"widget\" data-settings=\"{&quot;ekit_we_effect_on&quot;:&quot;none&quot;}\" data-widget_type=\"image.default\">\n\t\t\t\t<div class=\"elementor-widget-container\">\n\t\t\t<style>\/*! elementor - v3.6.7 - 03-07-2022 *\/\n.elementor-widget-image{text-align:center}.elementor-widget-image a{display:inline-block}.elementor-widget-image a img[src$=\".svg\"]{width:48px}.elementor-widget-image img{vertical-align:middle;display:inline-block}<\/style>\t\t\t\t\t\t\t\t\t\t\t\t<img decoding=\"async\" src=\"https:\/\/mok2.muzo.one\/wp-content\/uploads\/2022\/08\/03-Bullet-Train.jpg\" title=\"Bullet Train\" alt=\"Bullet Train\" \/>\t\t\t\t\t\t\t\t\t\t\t\t\t\t\t<\/div>\n\t\t\t\t<\/div>\n\t\t\t\t<div class=\"elementor-element elementor-element-88830ed elementor-widget elementor-widget-text-editor\" data-id=\"88830ed\" data-element_type=\"widget\" data-settings=\"{&quot;ekit_we_effect_on&quot;:&quot;none&quot;}\" data-widget_type=\"text-editor.default\">\n\t\t\t\t<div class=\"elementor-widget-container\">\n\t\t\t<style>\/*! elementor - v3.6.7 - 03-07-2022 *\/\n.elementor-widget-text-editor.elementor-drop-cap-view-stacked .elementor-drop-cap{background-color:#818a91;color:#fff}.elementor-widget-text-editor.elementor-drop-cap-view-framed .elementor-drop-cap{color:#818a91;border:3px solid;background-color:transparent}.elementor-widget-text-editor:not(.elementor-drop-cap-view-default) .elementor-drop-cap{margin-top:8px}.elementor-widget-text-editor:not(.elementor-drop-cap-view-default) .elementor-drop-cap-letter{width:1em;height:1em}.elementor-widget-text-editor .elementor-drop-cap{float:left;text-align:center;line-height:1;font-size:50px}.elementor-widget-text-editor .elementor-drop-cap-letter{display:inline-block}<\/style>\t\t\t\tPi\u0119cioro zab\u00f3jc\u00f3w, znajduj\u0105cych si\u0119 w szybkim poci\u0105gu jad\u0105cym z Tokio do Morioki, odkrywa, \u017ce ich zlecenia s\u0105 ze sob\u0105 wzajemnie powi\u0105zane. Powstaje pytanie, kto wyjdzie z poci\u0105gu \u017cywy i co ich czeka na stacji ko\u0144cowej.\t\t\t\t\t\t<\/div>\n\t\t\t\t<\/div>\n\t\t\t\t\t<\/div>\n\t\t<\/div>\n\t\t\t\t<div class=\"elementor-column elementor-col-50 elementor-top-column elementor-element elementor-element-e70f94a\" data-id=\"e70f94a\" data-element_type=\"column\">\n\t\t\t<div class=\"elementor-widget-wrap\">\n\t\t\t\t\t\t\t\t\t<\/div>\n\t\t<\/div>\n\t\t\t\t\t\t\t<\/div>\n\t\t<\/section>\n\t\t\t\t\t\t\t<\/div>\n\t\t","protected":false},"excerpt":{"rendered":"<p>Pi\u0119cioro zab\u00f3jc\u00f3w, znajduj\u0105cych si\u0119 w szybkim poci\u0105gu jad\u0105cym z Tokio do Morioki, odkrywa, \u017ce ich zlecenia s\u0105 ze sob\u0105 wzajemnie powi\u0105zane. Powstaje pytanie, kto wyjdzie z poci\u0105gu \u017cywy i co ich czeka na stacji ko\u0144cowej.<\/p>\n","protected":false},"author":1,"featured_media":0,"parent":0,"menu_order":0,"comment_status":"closed","ping_status":"closed","template":"","meta":{"footnotes":""},"class_list":["post-724","page","type-page","status-publish","hentry"],"acf":[],"_links":{"self":[{"href":"https:\/\/mok2.muzo.one\/index.php\/wp-json\/wp\/v2\/pages\/724","targetHints":{"allow":["GET"]}}],"collection":[{"href":"https:\/\/mok2.muzo.one\/index.php\/wp-json\/wp\/v2\/pages"}],"about":[{"href":"https:\/\/mok2.muzo.one\/index.php\/wp-json\/wp\/v2\/types\/page"}],"author":[{"embeddable":true,"href":"https:\/\/mok2.muzo.one\/index.php\/wp-json\/wp\/v2\/users\/1"}],"replies":[{"embeddable":true,"href":"https:\/\/mok2.muzo.one\/index.php\/wp-json\/wp\/v2\/comments?post=724"}],"version-history":[{"count":7,"href":"https:\/\/mok2.muzo.one\/index.php\/wp-json\/wp\/v2\/pages\/724\/revisions"}],"predecessor-version":[{"id":733,"href":"https:\/\/mok2.muzo.one\/index.php\/wp-json\/wp\/v2\/pages\/724\/revisions\/733"}],"wp:attachment":[{"href":"https:\/\/mok2.muzo.one\/index.php\/wp-json\/wp\/v2\/media?parent=724"}],"curies":[{"name":"wp","href":"https:\/\/api.w.org\/{rel}","templated":true}]}}